{"id":18944,"date":"2022-12-26T13:29:35","date_gmt":"2022-12-26T13:29:35","guid":{"rendered":"http:\/\/tialmerinda.pt\/?page_id=18944"},"modified":"2023-05-10T08:16:57","modified_gmt":"2023-05-10T08:16:57","slug":"forno","status":"publish","type":"page","link":"https:\/\/tialmerinda.pt\/en\/forno\/","title":{"rendered":"Forno"},"content":{"rendered":"<div data-elementor-type=\"wp-page\" data-elementor-id=\"18944\" class=\"elementor elementor-18944\">\n\t\t\t\t\t\t<section class=\"elementor-section elementor-top-section elementor-element elementor-element-7de2f28 elementor-section-full_width elementor-section-height-min-height elementor-section-stretched elementor-section-height-default elementor-section-items-middle wpr-jarallax-no wpr-parallax-no wpr-sticky-section-no sc_fly_static\" data-id=\"7de2f28\" data-element_type=\"section\" data-settings=\"{&quot;stretch_section&quot;:&quot;section-stretched&quot;,&quot;background_background&quot;:&quot;classic&quot;}\">\n\t\t\t\t\t\t\t<div class=\"elementor-background-overlay\"><\/div>\n\t\t\t\t\t\t\t<div class=\"elementor-container elementor-column-gap-extended\">\n\t\t\t\t\t<div class=\"elementor-column elementor-col-100 elementor-top-column elementor-element elementor-element-3e01929 sc_content_align_inherit sc_layouts_column_icons_position_left sc_fly_static\" data-id=\"3e01929\" data-element_type=\"column\">\n\t\t\t<div class=\"elementor-widget-wrap elementor-element-populated\">\n\t\t\t\t\t\t<section class=\"elementor-section elementor-inner-section elementor-element elementor-element-d93ea93 elementor-section-full_width moovitup sc_shift_y_small sc_layouts_hide_on_mobile elementor-section-height-default elementor-section-height-default wpr-jarallax-no wpr-parallax-no wpr-sticky-section-no sc_fly_static\" data-id=\"d93ea93\" data-element_type=\"section\">\n\t\t\t\t\t\t<div class=\"elementor-container elementor-column-gap-extended\">\n\t\t\t\t\t<div class=\"elementor-column elementor-col-100 elementor-inner-column elementor-element elementor-element-0bbaabd sc_content_align_inherit sc_layouts_column_icons_position_left sc_fly_static\" data-id=\"0bbaabd\" data-element_type=\"column\">\n\t\t\t<div class=\"elementor-widget-wrap elementor-element-populated\">\n\t\t\t\t\t\t<div data-animation-type=\"block\" class=\"elementor-element elementor-element-b5bedec animated-slow animation_type_block sc_fly_static elementor-invisible elementor-widget elementor-widget-html\" data-id=\"b5bedec\" data-element_type=\"widget\" data-settings=\"{&quot;_animation&quot;:&quot;fadeInDown&quot;,&quot;_animation_delay&quot;:100}\" data-widget_type=\"html.default\">\n\t\t\t\t<div class=\"elementor-widget-container\">\n\t\t\t\t\t<style>\n    .movtitulo{\n        font-size: 85px;\n        font-family: Abril fatface;\n        color:#fff;\n        text-align: center;\n        line-height: 85px;\n    }\n<\/style>\n\n<div class=\"rellax movtitulo\" data-rellax-speed=\"3\" >\nFORNO\n<\/div>\n\n\n<script src=\"https:\/\/cdn.jsdelivr.net\/gh\/dixonandmoe\/rellax@master\/rellax.min.js\"><\/script>\n<script>\n  \/\/ Accepts any class name\n  var rellax = new Rellax('.rellax');\n<\/script>\n\n\n<script>\n  \/\/ Also can pass in optional settings block\n  var rellax = new Rellax('.rellax', {\n    speed: -2,\n    center: false,\n    wrapper: null,\n    round: true,\n    vertical: true,\n    horizontal: false\n  });\n<\/script>\t\t\t\t<\/div>\n\t\t\t\t<\/div>\n\t\t\t\t\t<\/div>\n\t\t<\/div>\n\t\t\t\t\t<\/div>\n\t\t<\/section>\n\t\t\t\t<section class=\"elementor-section elementor-inner-section elementor-element elementor-element-14b3a95 elementor-section-full_width moovitup sc_shift_y_small sc_layouts_hide_on_wide sc_layouts_hide_on_desktop sc_layouts_hide_on_notebook sc_layouts_hide_on_tablet elementor-section-height-default elementor-section-height-default wpr-jarallax-no wpr-parallax-no wpr-sticky-section-no sc_fly_static\" data-id=\"14b3a95\" data-element_type=\"section\">\n\t\t\t\t\t\t<div class=\"elementor-container elementor-column-gap-extended\">\n\t\t\t\t\t<div class=\"elementor-column elementor-col-100 elementor-inner-column elementor-element elementor-element-ab12a21 sc_content_align_inherit sc_layouts_column_icons_position_left sc_fly_static\" data-id=\"ab12a21\" data-element_type=\"column\">\n\t\t\t<div class=\"elementor-widget-wrap elementor-element-populated\">\n\t\t\t\t\t\t<div data-animation-type=\"block\" class=\"elementor-element elementor-element-945a685 animated-slow animation_type_block sc_fly_static elementor-invisible elementor-widget elementor-widget-html\" data-id=\"945a685\" data-element_type=\"widget\" data-settings=\"{&quot;_animation&quot;:&quot;fadeInDown&quot;,&quot;_animation_delay&quot;:100}\" data-widget_type=\"html.default\">\n\t\t\t\t<div class=\"elementor-widget-container\">\n\t\t\t\t\t<style>\n    .movtitulo-mobile{\n        font-size: 65px;\n        font-family: Abril fatface;\n        color:#fff;\n        text-align: center;\n        line-height: 85px;\n    }\n<\/style>\n\n<div class=\"rellax movtitulo-mobile\" data-rellax-speed=\"3\" >\n FORNO\n<\/div>\n\n\n<script src=\"https:\/\/cdn.jsdelivr.net\/gh\/dixonandmoe\/rellax@master\/rellax.min.js\"><\/script>\n<script>\n  \/\/ Accepts any class name\n  var rellax = new Rellax('.rellax');\n<\/script>\n\n\n<script>\n  \/\/ Also can pass in optional settings block\n  var rellax = new Rellax('.rellax', {\n    speed: -2,\n    center: false,\n    wrapper: null,\n    round: true,\n    vertical: true,\n    horizontal: false\n  });\n<\/script>\t\t\t\t<\/div>\n\t\t\t\t<\/div>\n\t\t\t\t\t<\/div>\n\t\t<\/div>\n\t\t\t\t\t<\/div>\n\t\t<\/section>\n\t\t\t\t\t<\/div>\n\t\t<\/div>\n\t\t\t\t\t<\/div>\n\t\t<\/section>\n\t\t\t\t<section class=\"elementor-section elementor-top-section elementor-element elementor-element-80ec1a1 elementor-section-full_width elementor-section-height-default elementor-section-height-default wpr-jarallax-no wpr-parallax-no wpr-sticky-section-no sc_fly_static\" data-id=\"80ec1a1\" data-element_type=\"section\" data-settings=\"{&quot;background_background&quot;:&quot;classic&quot;}\">\n\t\t\t\t\t\t<div class=\"elementor-container elementor-column-gap-extended\">\n\t\t\t\t\t<div class=\"elementor-column elementor-col-100 elementor-top-column elementor-element elementor-element-ea4d773 sc_content_align_inherit sc_layouts_column_icons_position_left sc_fly_static\" data-id=\"ea4d773\" data-element_type=\"column\">\n\t\t\t<div class=\"elementor-widget-wrap elementor-element-populated\">\n\t\t\t\t\t\t<div class=\"elementor-element elementor-element-32ec2cb sc_fly_static elementor-widget elementor-widget-spacer\" data-id=\"32ec2cb\" data-element_type=\"widget\" data-widget_type=\"spacer.default\">\n\t\t\t\t<div class=\"elementor-widget-container\">\n\t\t\t\t\t\t\t<div class=\"elementor-spacer\">\n\t\t\t<div class=\"elementor-spacer-inner\"><\/div>\n\t\t<\/div>\n\t\t\t\t\t\t<\/div>\n\t\t\t\t<\/div>\n\t\t\t\t\t<\/div>\n\t\t<\/div>\n\t\t\t\t\t<\/div>\n\t\t<\/section>\n\t\t\t\t<section class=\"elementor-section elementor-top-section elementor-element elementor-element-c4d2279 elementor-section-boxed elementor-section-height-default elementor-section-height-default wpr-jarallax-no wpr-parallax-no wpr-sticky-section-no sc_fly_static\" data-id=\"c4d2279\" data-element_type=\"section\">\n\t\t\t\t\t\t<div class=\"elementor-container elementor-column-gap-extended\">\n\t\t\t\t\t<div class=\"elementor-column elementor-col-100 elementor-top-column elementor-element elementor-element-6bff74a sc_content_align_inherit sc_layouts_column_icons_position_left sc_fly_static\" data-id=\"6bff74a\" data-element_type=\"column\">\n\t\t\t<div class=\"elementor-widget-wrap elementor-element-populated\">\n\t\t\t\t\t\t<div class=\"elementor-element elementor-element-7b3f9da sc_fly_static elementor-widget elementor-widget-text-editor\" data-id=\"7b3f9da\" data-element_type=\"widget\" data-widget_type=\"text-editor.default\">\n\t\t\t\t<div class=\"elementor-widget-container\">\n\t\t\t\t\t\t\t\t\tO nosso produto \u00e9 \u00fanico, no entanto consideramo-lo\ninacabado. S\u00e3o as suas m\u00e3os que completam a nossa hist\u00f3ria.\t\t\t\t\t\t\t\t<\/div>\n\t\t\t\t<\/div>\n\t\t\t\t\t<\/div>\n\t\t<\/div>\n\t\t\t\t\t<\/div>\n\t\t<\/section>\n\t\t\t\t<section class=\"elementor-section elementor-top-section elementor-element elementor-element-2cde28d elementor-section-boxed elementor-section-height-default elementor-section-height-default wpr-jarallax-no wpr-parallax-no wpr-sticky-section-no sc_fly_static\" data-id=\"2cde28d\" data-element_type=\"section\">\n\t\t\t\t\t\t<div class=\"elementor-container elementor-column-gap-extended\">\n\t\t\t\t\t<div class=\"elementor-column elementor-col-100 elementor-top-column elementor-element elementor-element-de06760 sc_content_align_inherit sc_layouts_column_icons_position_left sc_fly_static\" data-id=\"de06760\" data-element_type=\"column\">\n\t\t\t<div class=\"elementor-widget-wrap elementor-element-populated\">\n\t\t\t\t\t\t<section class=\"elementor-section elementor-inner-section elementor-element elementor-element-aa21090 elementor-section-boxed elementor-section-height-default elementor-section-height-default wpr-jarallax-no wpr-parallax-no wpr-sticky-section-no sc_fly_static\" data-id=\"aa21090\" data-element_type=\"section\">\n\t\t\t\t\t\t<div class=\"elementor-container elementor-column-gap-extended\">\n\t\t\t\t\t<div class=\"elementor-column elementor-col-33 elementor-inner-column elementor-element elementor-element-e226e87 sc_content_align_inherit sc_layouts_column_icons_position_left sc_fly_static\" data-id=\"e226e87\" data-element_type=\"column\">\n\t\t\t<div class=\"elementor-widget-wrap elementor-element-populated\">\n\t\t\t\t\t\t<div class=\"elementor-element elementor-element-3344fb6 elementor-align-center sc_fly_static elementor-widget elementor-widget-button\" data-id=\"3344fb6\" data-element_type=\"widget\" data-widget_type=\"button.default\">\n\t\t\t\t<div class=\"elementor-widget-container\">\n\t\t\t\t\t\t\t\t\t<div class=\"elementor-button-wrapper\">\n\t\t\t\t\t<a class=\"elementor-button elementor-button-link elementor-size-md\" href=\"\/en\/fritos\/\">\n\t\t\t\t\t\t<span class=\"elementor-button-content-wrapper\">\n\t\t\t\t\t\t\t\t\t<span class=\"elementor-button-text\">FRITOS<\/span>\n\t\t\t\t\t<\/span>\n\t\t\t\t\t<\/a>\n\t\t\t\t<\/div>\n\t\t\t\t\t\t\t\t<\/div>\n\t\t\t\t<\/div>\n\t\t\t\t\t<\/div>\n\t\t<\/div>\n\t\t\t\t<div class=\"elementor-column elementor-col-33 elementor-inner-column elementor-element elementor-element-89bdd91 sc_content_align_inherit sc_layouts_column_icons_position_left sc_fly_static\" data-id=\"89bdd91\" data-element_type=\"column\">\n\t\t\t<div class=\"elementor-widget-wrap elementor-element-populated\">\n\t\t\t\t\t\t<div class=\"elementor-element elementor-element-598c74e elementor-align-center sc_fly_static elementor-widget elementor-widget-button\" data-id=\"598c74e\" data-element_type=\"widget\" data-widget_type=\"button.default\">\n\t\t\t\t<div class=\"elementor-widget-container\">\n\t\t\t\t\t\t\t\t\t<div class=\"elementor-button-wrapper\">\n\t\t\t\t\t<a class=\"elementor-button elementor-button-link elementor-size-md\" href=\"\/en\/forno\/\">\n\t\t\t\t\t\t<span class=\"elementor-button-content-wrapper\">\n\t\t\t\t\t\t\t\t\t<span class=\"elementor-button-text\">FORNO<\/span>\n\t\t\t\t\t<\/span>\n\t\t\t\t\t<\/a>\n\t\t\t\t<\/div>\n\t\t\t\t\t\t\t\t<\/div>\n\t\t\t\t<\/div>\n\t\t\t\t\t<\/div>\n\t\t<\/div>\n\t\t\t\t<div class=\"elementor-column elementor-col-33 elementor-inner-column elementor-element elementor-element-a7bc36b sc_content_align_inherit sc_layouts_column_icons_position_left sc_fly_static\" data-id=\"a7bc36b\" data-element_type=\"column\">\n\t\t\t<div class=\"elementor-widget-wrap elementor-element-populated\">\n\t\t\t\t\t\t<div class=\"elementor-element elementor-element-e97a9c7 elementor-align-center sc_fly_static elementor-widget elementor-widget-button\" data-id=\"e97a9c7\" data-element_type=\"widget\" data-widget_type=\"button.default\">\n\t\t\t\t<div class=\"elementor-widget-container\">\n\t\t\t\t\t\t\t\t\t<div class=\"elementor-button-wrapper\">\n\t\t\t\t\t<a class=\"elementor-button elementor-button-link elementor-size-md\" href=\"\/en\/comida-pronta\/\">\n\t\t\t\t\t\t<span class=\"elementor-button-content-wrapper\">\n\t\t\t\t\t\t\t\t\t<span class=\"elementor-button-text\">COMIDA PRONTA<\/span>\n\t\t\t\t\t<\/span>\n\t\t\t\t\t<\/a>\n\t\t\t\t<\/div>\n\t\t\t\t\t\t\t\t<\/div>\n\t\t\t\t<\/div>\n\t\t\t\t\t<\/div>\n\t\t<\/div>\n\t\t\t\t\t<\/div>\n\t\t<\/section>\n\t\t\t\t\t<\/div>\n\t\t<\/div>\n\t\t\t\t\t<\/div>\n\t\t<\/section>\n\t\t\t\t<section class=\"elementor-section elementor-top-section elementor-element elementor-element-fa27d7e elementor-section-boxed elementor-section-height-default elementor-section-height-default wpr-jarallax-no wpr-parallax-no wpr-sticky-section-no sc_fly_static\" data-id=\"fa27d7e\" data-element_type=\"section\">\n\t\t\t\t\t\t<div class=\"elementor-container elementor-column-gap-extended\">\n\t\t\t\t\t<div data-wts-url=\"\/no-forno\/empada-de-galinha\/\" data-wts-link=\"yes\" data-wts-new-window=\"\" class=\"elementor-column elementor-col-33 elementor-top-column elementor-element elementor-element-39f1a7c ae-link-yes sc_content_align_inherit sc_layouts_column_icons_position_left sc_fly_static\" data-id=\"39f1a7c\" data-element_type=\"column\">\n\t\t\t<div class=\"elementor-widget-wrap elementor-element-populated\">\n\t\t\t\t\t\t<div class=\"elementor-element elementor-element-aa68a58 sc_fly_static elementor-widget elementor-widget-heading\" data-id=\"aa68a58\" data-element_type=\"widget\" data-widget_type=\"heading.default\">\n\t\t\t\t<div class=\"elementor-widget-container\">\n\t\t\t\t\t<h2 class=\"elementor-heading-title elementor-size-default\">EMPADA<\/h2>\t\t\t\t<\/div>\n\t\t\t\t<\/div>\n\t\t\t\t<div class=\"elementor-element elementor-element-cd6a32b sc_fly_static elementor-widget elementor-widget-heading\" data-id=\"cd6a32b\" data-element_type=\"widget\" data-widget_type=\"heading.default\">\n\t\t\t\t<div class=\"elementor-widget-container\">\n\t\t\t\t\t<h2 class=\"elementor-heading-title elementor-size-default\">DE GALINHA<\/h2>\t\t\t\t<\/div>\n\t\t\t\t<\/div>\n\t\t\t\t<div class=\"elementor-element elementor-element-2da01a9 e-transform sc_fly_static elementor-widget elementor-widget-image\" data-id=\"2da01a9\" data-element_type=\"widget\" data-settings=\"{&quot;_transform_translateX_effect&quot;:{&quot;unit&quot;:&quot;px&quot;,&quot;size&quot;:10,&quot;sizes&quot;:[]},&quot;_transform_translateY_effect&quot;:{&quot;unit&quot;:&quot;px&quot;,&quot;size&quot;:81,&quot;sizes&quot;:[]},&quot;_transform_translateX_effect_tablet&quot;:{&quot;unit&quot;:&quot;px&quot;,&quot;size&quot;:&quot;&quot;,&quot;sizes&quot;:[]},&quot;_transform_translateX_effect_mobile&quot;:{&quot;unit&quot;:&quot;px&quot;,&quot;size&quot;:&quot;&quot;,&quot;sizes&quot;:[]},&quot;_transform_translateY_effect_tablet&quot;:{&quot;unit&quot;:&quot;px&quot;,&quot;size&quot;:&quot;&quot;,&quot;sizes&quot;:[]},&quot;_transform_translateY_effect_mobile&quot;:{&quot;unit&quot;:&quot;px&quot;,&quot;size&quot;:&quot;&quot;,&quot;sizes&quot;:[]}}\" data-widget_type=\"image.default\">\n\t\t\t\t<div class=\"elementor-widget-container\">\n\t\t\t\t\t\t\t\t\t\t\t\t\t\t\t<img fetchpriority=\"high\" decoding=\"async\" width=\"1024\" height=\"1024\" src=\"https:\/\/tialmerinda.pt\/wp-content\/uploads\/2022\/12\/empadas-de-galinha-1024x1024.png\" class=\"attachment-large size-large wp-image-18978\" alt=\"\" srcset=\"https:\/\/tialmerinda.pt\/wp-content\/uploads\/2022\/12\/empadas-de-galinha-1024x1024.png 1024w, https:\/\/tialmerinda.pt\/wp-content\/uploads\/2022\/12\/empadas-de-galinha-300x300.png 300w, https:\/\/tialmerinda.pt\/wp-content\/uploads\/2022\/12\/empadas-de-galinha-150x150.png 150w, https:\/\/tialmerinda.pt\/wp-content\/uploads\/2022\/12\/empadas-de-galinha-768x768.png 768w, https:\/\/tialmerinda.pt\/wp-content\/uploads\/2022\/12\/empadas-de-galinha-12x12.png 12w, https:\/\/tialmerinda.pt\/wp-content\/uploads\/2022\/12\/empadas-de-galinha-370x370.png 370w, https:\/\/tialmerinda.pt\/wp-content\/uploads\/2022\/12\/empadas-de-galinha-120x120.png 120w, https:\/\/tialmerinda.pt\/wp-content\/uploads\/2022\/12\/empadas-de-galinha-840x840.png 840w, https:\/\/tialmerinda.pt\/wp-content\/uploads\/2022\/12\/empadas-de-galinha-410x410.png 410w, https:\/\/tialmerinda.pt\/wp-content\/uploads\/2022\/12\/empadas-de-galinha-600x600.png 600w, https:\/\/tialmerinda.pt\/wp-content\/uploads\/2022\/12\/empadas-de-galinha.png 1250w\" sizes=\"(max-width: 1024px) 100vw, 1024px\" \/>\t\t\t\t\t\t\t\t\t\t\t\t\t\t\t<\/div>\n\t\t\t\t<\/div>\n\t\t\t\t\t<\/div>\n\t\t<\/div>\n\t\t\t\t<div class=\"elementor-column elementor-col-33 elementor-top-column elementor-element elementor-element-7ed95b0 sc_content_align_inherit sc_layouts_column_icons_position_left sc_fly_static\" data-id=\"7ed95b0\" data-element_type=\"column\">\n\t\t\t<div class=\"elementor-widget-wrap\">\n\t\t\t\t\t\t\t<\/div>\n\t\t<\/div>\n\t\t\t\t<div class=\"elementor-column elementor-col-33 elementor-top-column elementor-element elementor-element-8c4cd64 sc_content_align_inherit sc_layouts_column_icons_position_left sc_fly_static\" data-id=\"8c4cd64\" data-element_type=\"column\">\n\t\t\t<div class=\"elementor-widget-wrap\">\n\t\t\t\t\t\t\t<\/div>\n\t\t<\/div>\n\t\t\t\t\t<\/div>\n\t\t<\/section>\n\t\t\t\t<\/div>","protected":false},"excerpt":{"rendered":"<p>FORNO FORNO O nosso produto \u00e9 \u00fanico, no entanto consideramo-lo inacabado. S\u00e3o as suas m\u00e3os que completam a nossa hist\u00f3ria. FRITOS FORNO COMIDA PRONTA EMPADA DE GALINHA<\/p>","protected":false},"author":1,"featured_media":0,"parent":0,"menu_order":0,"comment_status":"closed","ping_status":"closed","template":"","meta":{"footnotes":""},"class_list":["post-18944","page","type-page","status-publish","hentry"],"aioseo_notices":[],"_links":{"self":[{"href":"https:\/\/tialmerinda.pt\/en\/wp-json\/wp\/v2\/pages\/18944","targetHints":{"allow":["GET"]}}],"collection":[{"href":"https:\/\/tialmerinda.pt\/en\/wp-json\/wp\/v2\/pages"}],"about":[{"href":"https:\/\/tialmerinda.pt\/en\/wp-json\/wp\/v2\/types\/page"}],"author":[{"embeddable":true,"href":"https:\/\/tialmerinda.pt\/en\/wp-json\/wp\/v2\/users\/1"}],"replies":[{"embeddable":true,"href":"https:\/\/tialmerinda.pt\/en\/wp-json\/wp\/v2\/comments?post=18944"}],"version-history":[{"count":0,"href":"https:\/\/tialmerinda.pt\/en\/wp-json\/wp\/v2\/pages\/18944\/revisions"}],"wp:attachment":[{"href":"https:\/\/tialmerinda.pt\/en\/wp-json\/wp\/v2\/media?parent=18944"}],"curies":[{"name":"wp","href":"https:\/\/api.w.org\/{rel}","templated":true}]}}