{"id":21195,"date":"2023-04-17T22:02:18","date_gmt":"2023-04-17T22:02:18","guid":{"rendered":"http:\/\/tialmerinda.pt\/?page_id=21195"},"modified":"2023-05-16T16:30:56","modified_gmt":"2023-05-16T16:30:56","slug":"produtos","status":"publish","type":"page","link":"https:\/\/tialmerinda.pt\/en\/produtos\/","title":{"rendered":"Produtos"},"content":{"rendered":"<div data-elementor-type=\"wp-page\" data-elementor-id=\"21195\" class=\"elementor elementor-21195\">\n\t\t\t\t\t\t<section class=\"elementor-section elementor-top-section elementor-element elementor-element-113b1ca elementor-section-full_width elementor-section-height-min-height elementor-section-stretched elementor-section-height-default elementor-section-items-middle wpr-jarallax-no wpr-parallax-no wpr-sticky-section-no wpr-equal-height-no sc_fly_static\" data-id=\"113b1ca\" data-element_type=\"section\" data-e-type=\"section\" data-settings=\"{&quot;stretch_section&quot;:&quot;section-stretched&quot;,&quot;background_background&quot;:&quot;classic&quot;}\">\n\t\t\t\t\t\t\t<div class=\"elementor-background-overlay\"><\/div>\n\t\t\t\t\t\t\t<div class=\"elementor-container elementor-column-gap-extended\">\n\t\t\t\t\t<div class=\"elementor-column elementor-col-100 elementor-top-column elementor-element elementor-element-931f883 sc_content_align_inherit sc_layouts_column_icons_position_left sc_fly_static\" data-id=\"931f883\" data-element_type=\"column\" data-e-type=\"column\">\n\t\t\t<div class=\"elementor-widget-wrap elementor-element-populated\">\n\t\t\t\t\t\t<section class=\"elementor-section elementor-inner-section elementor-element elementor-element-7a13507 elementor-section-full_width moovitup sc_shift_y_small sc_layouts_hide_on_mobile elementor-section-height-default elementor-section-height-default wpr-jarallax-no wpr-parallax-no wpr-sticky-section-no wpr-equal-height-no sc_fly_static\" data-id=\"7a13507\" data-element_type=\"section\" data-e-type=\"section\">\n\t\t\t\t\t\t<div class=\"elementor-container elementor-column-gap-extended\">\n\t\t\t\t\t<div class=\"elementor-column elementor-col-100 elementor-inner-column elementor-element elementor-element-c2d08c6 sc_content_align_inherit sc_layouts_column_icons_position_left sc_fly_static\" data-id=\"c2d08c6\" data-element_type=\"column\" data-e-type=\"column\">\n\t\t\t<div class=\"elementor-widget-wrap elementor-element-populated\">\n\t\t\t\t\t\t<div data-animation-type=\"block\" class=\"elementor-element elementor-element-01b1151 animated-slow animation_type_block sc_fly_static elementor-invisible elementor-widget elementor-widget-html\" data-id=\"01b1151\" data-element_type=\"widget\" data-e-type=\"widget\" data-settings=\"{&quot;_animation&quot;:&quot;fadeInDown&quot;,&quot;_animation_delay&quot;:100}\" data-widget_type=\"html.default\">\n\t\t\t\t<div class=\"elementor-widget-container\">\n\t\t\t\t\t<style>\n    .movtitulo{\n        font-size: 85px;\n        font-family: Abril fatface;\n        color:#fff;\n        text-align: center;\n        line-height: 85px;\n    }\n<\/style>\n\n<div class=\"rellax movtitulo\" data-rellax-speed=\"3\" >\n PRODUTOS\n<\/div>\n\n\n<script src=\"https:\/\/cdn.jsdelivr.net\/gh\/dixonandmoe\/rellax@master\/rellax.min.js\"><\/script>\n<script>\n  \/\/ Accepts any class name\n  var rellax = new Rellax('.rellax');\n<\/script>\n\n\n<script>\n  \/\/ Also can pass in optional settings block\n  var rellax = new Rellax('.rellax', {\n    speed: -2,\n    center: false,\n    wrapper: null,\n    round: true,\n    vertical: true,\n    horizontal: false\n  });\n<\/script>\t\t\t\t<\/div>\n\t\t\t\t<\/div>\n\t\t\t\t\t<\/div>\n\t\t<\/div>\n\t\t\t\t\t<\/div>\n\t\t<\/section>\n\t\t\t\t<section class=\"elementor-section elementor-inner-section elementor-element elementor-element-9fdc592 elementor-section-full_width moovitup sc_shift_y_small sc_layouts_hide_on_wide sc_layouts_hide_on_desktop sc_layouts_hide_on_notebook sc_layouts_hide_on_tablet elementor-section-height-default elementor-section-height-default wpr-jarallax-no wpr-parallax-no wpr-sticky-section-no wpr-equal-height-no sc_fly_static\" data-id=\"9fdc592\" data-element_type=\"section\" data-e-type=\"section\">\n\t\t\t\t\t\t<div class=\"elementor-container elementor-column-gap-extended\">\n\t\t\t\t\t<div class=\"elementor-column elementor-col-100 elementor-inner-column elementor-element elementor-element-2bb10ec sc_content_align_inherit sc_layouts_column_icons_position_left sc_fly_static\" data-id=\"2bb10ec\" data-element_type=\"column\" data-e-type=\"column\">\n\t\t\t<div class=\"elementor-widget-wrap elementor-element-populated\">\n\t\t\t\t\t\t<div data-animation-type=\"block\" class=\"elementor-element elementor-element-c60e26e animated-slow animation_type_block sc_fly_static elementor-invisible elementor-widget elementor-widget-html\" data-id=\"c60e26e\" data-element_type=\"widget\" data-e-type=\"widget\" data-settings=\"{&quot;_animation&quot;:&quot;fadeInDown&quot;,&quot;_animation_delay&quot;:100}\" data-widget_type=\"html.default\">\n\t\t\t\t<div class=\"elementor-widget-container\">\n\t\t\t\t\t<style>\n    .movtitulo-mobile{\n        font-size: 50px;\n        font-family: Abril fatface;\n        color:#fff;\n        text-align: center;\n        line-height: 85px;\n    }\n<\/style>\n\n<div class=\"rellax movtitulo-mobile\" data-rellax-speed=\"3\" >\n PRODUTOS\n<\/div>\n\n\n<script src=\"https:\/\/cdn.jsdelivr.net\/gh\/dixonandmoe\/rellax@master\/rellax.min.js\"><\/script>\n<script>\n  \/\/ Accepts any class name\n  var rellax = new Rellax('.rellax');\n<\/script>\n\n\n<script>\n  \/\/ Also can pass in optional settings block\n  var rellax = new Rellax('.rellax', {\n    speed: -2,\n    center: false,\n    wrapper: null,\n    round: true,\n    vertical: true,\n    horizontal: false\n  });\n<\/script>\t\t\t\t<\/div>\n\t\t\t\t<\/div>\n\t\t\t\t\t<\/div>\n\t\t<\/div>\n\t\t\t\t\t<\/div>\n\t\t<\/section>\n\t\t\t\t\t<\/div>\n\t\t<\/div>\n\t\t\t\t\t<\/div>\n\t\t<\/section>\n\t\t\t\t<section class=\"elementor-section elementor-top-section elementor-element elementor-element-b5d26e1 elementor-section-full_width hide_bg_image_on_mobile elementor-section-height-default elementor-section-height-default wpr-jarallax-no wpr-parallax-no wpr-sticky-section-no wpr-equal-height-no sc_fly_static\" data-id=\"b5d26e1\" data-element_type=\"section\" data-e-type=\"section\" data-settings=\"{&quot;background_background&quot;:&quot;classic&quot;}\">\n\t\t\t\t\t\t<div class=\"elementor-container elementor-column-gap-extended\">\n\t\t\t\t\t<div class=\"elementor-column elementor-col-100 elementor-top-column elementor-element elementor-element-8ea1496 sc_content_align_inherit sc_layouts_column_icons_position_left sc_fly_static\" data-id=\"8ea1496\" data-element_type=\"column\" data-e-type=\"column\">\n\t\t\t<div class=\"elementor-widget-wrap elementor-element-populated\">\n\t\t\t\t\t\t<div class=\"elementor-element elementor-element-96c71fd sc_fly_static elementor-widget elementor-widget-spacer\" data-id=\"96c71fd\" data-element_type=\"widget\" data-e-type=\"widget\" data-widget_type=\"spacer.default\">\n\t\t\t\t<div class=\"elementor-widget-container\">\n\t\t\t\t\t\t\t<div class=\"elementor-spacer\">\n\t\t\t<div class=\"elementor-spacer-inner\"><\/div>\n\t\t<\/div>\n\t\t\t\t\t\t<\/div>\n\t\t\t\t<\/div>\n\t\t\t\t\t<\/div>\n\t\t<\/div>\n\t\t\t\t\t<\/div>\n\t\t<\/section>\n\t\t\t\t<section class=\"elementor-section elementor-top-section elementor-element elementor-element-814dce3 elementor-section-boxed elementor-section-height-default elementor-section-height-default wpr-jarallax-no wpr-parallax-no wpr-sticky-section-no wpr-equal-height-no sc_fly_static\" data-id=\"814dce3\" data-element_type=\"section\" data-e-type=\"section\">\n\t\t\t\t\t\t<div class=\"elementor-container elementor-column-gap-extended\">\n\t\t\t\t\t<div class=\"elementor-column elementor-col-100 elementor-top-column elementor-element elementor-element-f52e616 sc_content_align_inherit sc_layouts_column_icons_position_left sc_fly_static\" data-id=\"f52e616\" data-element_type=\"column\" data-e-type=\"column\">\n\t\t\t<div class=\"elementor-widget-wrap elementor-element-populated\">\n\t\t\t\t\t\t<div class=\"elementor-element elementor-element-a06dbdf sc_fly_static elementor-widget elementor-widget-text-editor\" data-id=\"a06dbdf\" data-element_type=\"widget\" data-e-type=\"widget\" data-widget_type=\"text-editor.default\">\n\t\t\t\t<div class=\"elementor-widget-container\">\n\t\t\t\t\t\t\t\t\tO nosso produto \u00e9 \u00fanico, no entanto consideramo-lo\ninacabado. S\u00e3o as suas m\u00e3os que completam a nossa hist\u00f3ria.\t\t\t\t\t\t\t\t<\/div>\n\t\t\t\t<\/div>\n\t\t\t\t\t<\/div>\n\t\t<\/div>\n\t\t\t\t\t<\/div>\n\t\t<\/section>\n\t\t\t\t<section class=\"elementor-section elementor-top-section elementor-element elementor-element-3741c79 elementor-section-boxed elementor-section-height-default elementor-section-height-default wpr-jarallax-no wpr-parallax-no wpr-sticky-section-no wpr-equal-height-no sc_fly_static\" data-id=\"3741c79\" data-element_type=\"section\" data-e-type=\"section\">\n\t\t\t\t\t\t<div class=\"elementor-container elementor-column-gap-extended\">\n\t\t\t\t\t<div class=\"elementor-column elementor-col-100 elementor-top-column elementor-element elementor-element-b9f40f8 sc_content_align_inherit sc_layouts_column_icons_position_left sc_fly_static\" data-id=\"b9f40f8\" data-element_type=\"column\" data-e-type=\"column\">\n\t\t\t<div class=\"elementor-widget-wrap elementor-element-populated\">\n\t\t\t\t\t\t<section class=\"elementor-section elementor-inner-section elementor-element elementor-element-d74974b elementor-section-boxed elementor-section-height-default elementor-section-height-default wpr-jarallax-no wpr-parallax-no wpr-sticky-section-no wpr-equal-height-no sc_fly_static\" data-id=\"d74974b\" data-element_type=\"section\" data-e-type=\"section\">\n\t\t\t\t\t\t<div class=\"elementor-container elementor-column-gap-extended\">\n\t\t\t\t\t<div class=\"elementor-column elementor-col-33 elementor-inner-column elementor-element elementor-element-b3861fb sc_content_align_inherit sc_layouts_column_icons_position_left sc_fly_static\" data-id=\"b3861fb\" data-element_type=\"column\" data-e-type=\"column\">\n\t\t\t<div class=\"elementor-widget-wrap elementor-element-populated\">\n\t\t\t\t\t\t<div class=\"elementor-element elementor-element-7d5fa23 elementor-align-center sc_fly_static elementor-widget elementor-widget-button\" data-id=\"7d5fa23\" data-element_type=\"widget\" data-e-type=\"widget\" data-widget_type=\"button.default\">\n\t\t\t\t<div class=\"elementor-widget-container\">\n\t\t\t\t\t\t\t\t\t<div class=\"elementor-button-wrapper\">\n\t\t\t\t\t<a class=\"elementor-button elementor-button-link elementor-size-md\" href=\"\/en\/fritos\/\">\n\t\t\t\t\t\t<span class=\"elementor-button-content-wrapper\">\n\t\t\t\t\t\t\t\t\t<span class=\"elementor-button-text\">FRITOS<\/span>\n\t\t\t\t\t<\/span>\n\t\t\t\t\t<\/a>\n\t\t\t\t<\/div>\n\t\t\t\t\t\t\t\t<\/div>\n\t\t\t\t<\/div>\n\t\t\t\t\t<\/div>\n\t\t<\/div>\n\t\t\t\t<div class=\"elementor-column elementor-col-33 elementor-inner-column elementor-element elementor-element-80cdb89 sc_content_align_inherit sc_layouts_column_icons_position_left sc_fly_static\" data-id=\"80cdb89\" data-element_type=\"column\" data-e-type=\"column\">\n\t\t\t<div class=\"elementor-widget-wrap elementor-element-populated\">\n\t\t\t\t\t\t<div class=\"elementor-element elementor-element-1dc85bc elementor-align-center sc_fly_static elementor-widget elementor-widget-button\" data-id=\"1dc85bc\" data-element_type=\"widget\" data-e-type=\"widget\" data-widget_type=\"button.default\">\n\t\t\t\t<div class=\"elementor-widget-container\">\n\t\t\t\t\t\t\t\t\t<div class=\"elementor-button-wrapper\">\n\t\t\t\t\t<a class=\"elementor-button elementor-button-link elementor-size-md\" href=\"\/en\/forno\/\">\n\t\t\t\t\t\t<span class=\"elementor-button-content-wrapper\">\n\t\t\t\t\t\t\t\t\t<span class=\"elementor-button-text\">FORNO<\/span>\n\t\t\t\t\t<\/span>\n\t\t\t\t\t<\/a>\n\t\t\t\t<\/div>\n\t\t\t\t\t\t\t\t<\/div>\n\t\t\t\t<\/div>\n\t\t\t\t\t<\/div>\n\t\t<\/div>\n\t\t\t\t<div class=\"elementor-column elementor-col-33 elementor-inner-column elementor-element elementor-element-1aa64d0 sc_content_align_inherit sc_layouts_column_icons_position_left sc_fly_static\" data-id=\"1aa64d0\" data-element_type=\"column\" data-e-type=\"column\">\n\t\t\t<div class=\"elementor-widget-wrap elementor-element-populated\">\n\t\t\t\t\t\t<div class=\"elementor-element elementor-element-0ac19c1 elementor-align-center sc_fly_static elementor-widget elementor-widget-button\" data-id=\"0ac19c1\" data-element_type=\"widget\" data-e-type=\"widget\" data-widget_type=\"button.default\">\n\t\t\t\t<div class=\"elementor-widget-container\">\n\t\t\t\t\t\t\t\t\t<div class=\"elementor-button-wrapper\">\n\t\t\t\t\t<a class=\"elementor-button elementor-button-link elementor-size-md\" href=\"\/en\/comida-pronta\/\">\n\t\t\t\t\t\t<span class=\"elementor-button-content-wrapper\">\n\t\t\t\t\t\t\t\t\t<span class=\"elementor-button-text\">COMIDA PRONTA<\/span>\n\t\t\t\t\t<\/span>\n\t\t\t\t\t<\/a>\n\t\t\t\t<\/div>\n\t\t\t\t\t\t\t\t<\/div>\n\t\t\t\t<\/div>\n\t\t\t\t\t<\/div>\n\t\t<\/div>\n\t\t\t\t\t<\/div>\n\t\t<\/section>\n\t\t\t\t\t<\/div>\n\t\t<\/div>\n\t\t\t\t\t<\/div>\n\t\t<\/section>\n\t\t\t\t<\/div>","protected":false},"excerpt":{"rendered":"<p>PRODUTOS PRODUTOS O nosso produto \u00e9 \u00fanico, no entanto consideramo-lo inacabado. S\u00e3o as suas m\u00e3os que completam a nossa hist\u00f3ria. FRITOS FORNO COMIDA PRONTA<\/p>","protected":false},"author":6,"featured_media":0,"parent":0,"menu_order":0,"comment_status":"closed","ping_status":"closed","template":"","meta":{"footnotes":""},"class_list":["post-21195","page","type-page","status-publish","hentry"],"aioseo_notices":[],"_links":{"self":[{"href":"https:\/\/tialmerinda.pt\/en\/wp-json\/wp\/v2\/pages\/21195","targetHints":{"allow":["GET"]}}],"collection":[{"href":"https:\/\/tialmerinda.pt\/en\/wp-json\/wp\/v2\/pages"}],"about":[{"href":"https:\/\/tialmerinda.pt\/en\/wp-json\/wp\/v2\/types\/page"}],"author":[{"embeddable":true,"href":"https:\/\/tialmerinda.pt\/en\/wp-json\/wp\/v2\/users\/6"}],"replies":[{"embeddable":true,"href":"https:\/\/tialmerinda.pt\/en\/wp-json\/wp\/v2\/comments?post=21195"}],"version-history":[{"count":3,"href":"https:\/\/tialmerinda.pt\/en\/wp-json\/wp\/v2\/pages\/21195\/revisions"}],"predecessor-version":[{"id":23032,"href":"https:\/\/tialmerinda.pt\/en\/wp-json\/wp\/v2\/pages\/21195\/revisions\/23032"}],"wp:attachment":[{"href":"https:\/\/tialmerinda.pt\/en\/wp-json\/wp\/v2\/media?parent=21195"}],"curies":[{"name":"wp","href":"https:\/\/api.w.org\/{rel}","templated":true}]}}